{"id":113,"date":"2023-01-24T15:21:53","date_gmt":"2023-01-24T14:21:53","guid":{"rendered":"http:\/\/budapest100.hu\/?page_id=113"},"modified":"2023-03-29T23:55:30","modified_gmt":"2023-03-29T21:55:30","slug":"haz-lako-felhivas-2023","status":"publish","type":"page","link":"https:\/\/budapest100.hu\/en\/haz-lako-felhivas-2023\/","title":{"rendered":"H\u00e1zlak\u00f3 felh\u00edv\u00e1s 2023"},"content":{"rendered":"","protected":false},"excerpt":{"rendered":"","protected":false},"author":25,"featured_media":52141,"parent":0,"menu_order":0,"comment_status":"closed","ping_status":"closed","template":"page-felhivas.php","meta":{"_acf_changed":false,"footnotes":""},"class_list":["post-113","page","type-page","status-publish","has-post-thumbnail","hentry"],"acf":[],"yoast_head":"<!-- This site is optimized with the Yoast SEO plugin v27.3 - https:\/\/yoast.com\/product\/yoast-seo-wordpress\/ -->\n<title>H\u00e1zlak\u00f3 felh\u00edv\u00e1s 2023 - Budapest100<\/title>\n<meta name=\"robots\" content=\"index, follow, max-snippet:-1, max-image-preview:large, max-video-preview:-1\" \/>\n<link rel=\"canonical\" href=\"https:\/\/budapest100.hu\/en\/haz-lako-felhivas-2023\/\" \/>\n<meta property=\"og:locale\" content=\"en_US\" \/>\n<meta property=\"og:type\" content=\"article\" \/>\n<meta property=\"og:title\" content=\"Budapest100 V\u00e1rosegyes\u00edt\u00e9s - Csatlakozz \u00f6nk\u00e9ntesk\u00e9nt!\" \/>\n<meta property=\"og:description\" content=\"A Kort\u00e1rs \u00c9p\u00edt\u00e9szeti K\u00f6zpont (K\u00c9K) szervez\u00e9s\u00e9ben 2023. m\u00e1jus 11-14. k\u00f6z\u00f6tt rendezz\u00fck meg a Budapest100-at. Ism\u00e9t v\u00e1rjuk az \u00f6nk\u00e9nteseinket, hogy egy\u00fctt szervezhess\u00fck meg a v\u00e1ros legszebb \u00fcnnep\u00e9t!\" \/>\n<meta property=\"og:url\" content=\"https:\/\/budapest100.hu\/en\/haz-lako-felhivas-2023\/\" \/>\n<meta property=\"og:site_name\" content=\"Budapest100\" \/>\n<meta property=\"article:modified_time\" content=\"2023-03-29T21:55:30+00:00\" \/>\n<meta name=\"twitter:card\" content=\"summary_large_image\" \/>\n<meta name=\"twitter:title\" content=\"Budapest100 V\u00e1rosegyes\u00edt\u00e9s - Csatlakozz \u00f6nk\u00e9ntesk\u00e9nt!\" \/>\n<meta name=\"twitter:description\" content=\"A Kort\u00e1rs \u00c9p\u00edt\u00e9szeti K\u00f6zpont (K\u00c9K) szervez\u00e9s\u00e9ben 2023. m\u00e1jus 11-14. k\u00f6z\u00f6tt rendezz\u00fck meg a Budapest100-at. Ism\u00e9t v\u00e1rjuk az \u00f6nk\u00e9nteseinket, hogy egy\u00fctt szervezhess\u00fck meg a v\u00e1ros legszebb \u00fcnnep\u00e9t!\" \/>\n<script type=\"application\/ld+json\" class=\"yoast-schema-graph\">{\"@context\":\"https:\\\/\\\/schema.org\",\"@graph\":[{\"@type\":\"WebPage\",\"@id\":\"https:\\\/\\\/budapest100.hu\\\/en\\\/haz-lako-felhivas-2023\\\/\",\"url\":\"https:\\\/\\\/budapest100.hu\\\/en\\\/haz-lako-felhivas-2023\\\/\",\"name\":\"H\u00e1zlak\u00f3 felh\u00edv\u00e1s 2023 - Budapest100\",\"isPartOf\":{\"@id\":\"https:\\\/\\\/budapest100.hu\\\/en\\\/#website\"},\"primaryImageOfPage\":{\"@id\":\"https:\\\/\\\/budapest100.hu\\\/en\\\/haz-lako-felhivas-2023\\\/#primaryimage\"},\"image\":{\"@id\":\"https:\\\/\\\/budapest100.hu\\\/en\\\/haz-lako-felhivas-2023\\\/#primaryimage\"},\"thumbnailUrl\":\"https:\\\/\\\/budapest100.hu\\\/wp-content\\\/uploads\\\/2023\\\/03\\\/20220515_Bp100_mohaibalazs_311-scaled.jpg\",\"datePublished\":\"2023-01-24T14:21:53+00:00\",\"dateModified\":\"2023-03-29T21:55:30+00:00\",\"inLanguage\":\"en-US\",\"potentialAction\":[{\"@type\":\"ReadAction\",\"target\":[\"https:\\\/\\\/budapest100.hu\\\/en\\\/haz-lako-felhivas-2023\\\/\"]}]},{\"@type\":\"ImageObject\",\"inLanguage\":\"en-US\",\"@id\":\"https:\\\/\\\/budapest100.hu\\\/en\\\/haz-lako-felhivas-2023\\\/#primaryimage\",\"url\":\"https:\\\/\\\/budapest100.hu\\\/wp-content\\\/uploads\\\/2023\\\/03\\\/20220515_Bp100_mohaibalazs_311-scaled.jpg\",\"contentUrl\":\"https:\\\/\\\/budapest100.hu\\\/wp-content\\\/uploads\\\/2023\\\/03\\\/20220515_Bp100_mohaibalazs_311-scaled.jpg\",\"width\":2560,\"height\":1707},{\"@type\":\"WebSite\",\"@id\":\"https:\\\/\\\/budapest100.hu\\\/en\\\/#website\",\"url\":\"https:\\\/\\\/budapest100.hu\\\/en\\\/\",\"name\":\"Budapest100\",\"description\":\"Nyitott h\u00e1zak h\u00e9tv\u00e9g\u00e9je\",\"potentialAction\":[{\"@type\":\"SearchAction\",\"target\":{\"@type\":\"EntryPoint\",\"urlTemplate\":\"https:\\\/\\\/budapest100.hu\\\/en\\\/?s={search_term_string}\"},\"query-input\":{\"@type\":\"PropertyValueSpecification\",\"valueRequired\":true,\"valueName\":\"search_term_string\"}}],\"inLanguage\":\"en-US\"}]}<\/script>\n<!-- \/ Yoast SEO plugin. -->","yoast_head_json":{"title":"H\u00e1zlak\u00f3 felh\u00edv\u00e1s 2023 - Budapest100","robots":{"index":"index","follow":"follow","max-snippet":"max-snippet:-1","max-image-preview":"max-image-preview:large","max-video-preview":"max-video-preview:-1"},"canonical":"https:\/\/budapest100.hu\/en\/haz-lako-felhivas-2023\/","og_locale":"en_US","og_type":"article","og_title":"Budapest100 V\u00e1rosegyes\u00edt\u00e9s - Csatlakozz \u00f6nk\u00e9ntesk\u00e9nt!","og_description":"A Kort\u00e1rs \u00c9p\u00edt\u00e9szeti K\u00f6zpont (K\u00c9K) szervez\u00e9s\u00e9ben 2023. m\u00e1jus 11-14. k\u00f6z\u00f6tt rendezz\u00fck meg a Budapest100-at. Ism\u00e9t v\u00e1rjuk az \u00f6nk\u00e9nteseinket, hogy egy\u00fctt szervezhess\u00fck meg a v\u00e1ros legszebb \u00fcnnep\u00e9t!","og_url":"https:\/\/budapest100.hu\/en\/haz-lako-felhivas-2023\/","og_site_name":"Budapest100","article_modified_time":"2023-03-29T21:55:30+00:00","twitter_card":"summary_large_image","twitter_title":"Budapest100 V\u00e1rosegyes\u00edt\u00e9s - Csatlakozz \u00f6nk\u00e9ntesk\u00e9nt!","twitter_description":"A Kort\u00e1rs \u00c9p\u00edt\u00e9szeti K\u00f6zpont (K\u00c9K) szervez\u00e9s\u00e9ben 2023. m\u00e1jus 11-14. k\u00f6z\u00f6tt rendezz\u00fck meg a Budapest100-at. Ism\u00e9t v\u00e1rjuk az \u00f6nk\u00e9nteseinket, hogy egy\u00fctt szervezhess\u00fck meg a v\u00e1ros legszebb \u00fcnnep\u00e9t!","schema":{"@context":"https:\/\/schema.org","@graph":[{"@type":"WebPage","@id":"https:\/\/budapest100.hu\/en\/haz-lako-felhivas-2023\/","url":"https:\/\/budapest100.hu\/en\/haz-lako-felhivas-2023\/","name":"H\u00e1zlak\u00f3 felh\u00edv\u00e1s 2023 - Budapest100","isPartOf":{"@id":"https:\/\/budapest100.hu\/en\/#website"},"primaryImageOfPage":{"@id":"https:\/\/budapest100.hu\/en\/haz-lako-felhivas-2023\/#primaryimage"},"image":{"@id":"https:\/\/budapest100.hu\/en\/haz-lako-felhivas-2023\/#primaryimage"},"thumbnailUrl":"https:\/\/budapest100.hu\/wp-content\/uploads\/2023\/03\/20220515_Bp100_mohaibalazs_311-scaled.jpg","datePublished":"2023-01-24T14:21:53+00:00","dateModified":"2023-03-29T21:55:30+00:00","inLanguage":"en-US","potentialAction":[{"@type":"ReadAction","target":["https:\/\/budapest100.hu\/en\/haz-lako-felhivas-2023\/"]}]},{"@type":"ImageObject","inLanguage":"en-US","@id":"https:\/\/budapest100.hu\/en\/haz-lako-felhivas-2023\/#primaryimage","url":"https:\/\/budapest100.hu\/wp-content\/uploads\/2023\/03\/20220515_Bp100_mohaibalazs_311-scaled.jpg","contentUrl":"https:\/\/budapest100.hu\/wp-content\/uploads\/2023\/03\/20220515_Bp100_mohaibalazs_311-scaled.jpg","width":2560,"height":1707},{"@type":"WebSite","@id":"https:\/\/budapest100.hu\/en\/#website","url":"https:\/\/budapest100.hu\/en\/","name":"Budapest100","description":"Nyitott h\u00e1zak h\u00e9tv\u00e9g\u00e9je","potentialAction":[{"@type":"SearchAction","target":{"@type":"EntryPoint","urlTemplate":"https:\/\/budapest100.hu\/en\/?s={search_term_string}"},"query-input":{"@type":"PropertyValueSpecification","valueRequired":true,"valueName":"search_term_string"}}],"inLanguage":"en-US"}]}},"_links":{"self":[{"href":"https:\/\/budapest100.hu\/en\/wp-json\/wp\/v2\/pages\/113","targetHints":{"allow":["GET"]}}],"collection":[{"href":"https:\/\/budapest100.hu\/en\/wp-json\/wp\/v2\/pages"}],"about":[{"href":"https:\/\/budapest100.hu\/en\/wp-json\/wp\/v2\/types\/page"}],"author":[{"embeddable":true,"href":"https:\/\/budapest100.hu\/en\/wp-json\/wp\/v2\/users\/25"}],"replies":[{"embeddable":true,"href":"https:\/\/budapest100.hu\/en\/wp-json\/wp\/v2\/comments?post=113"}],"version-history":[{"count":2,"href":"https:\/\/budapest100.hu\/en\/wp-json\/wp\/v2\/pages\/113\/revisions"}],"predecessor-version":[{"id":52145,"href":"https:\/\/budapest100.hu\/en\/wp-json\/wp\/v2\/pages\/113\/revisions\/52145"}],"wp:featuredmedia":[{"embeddable":true,"href":"https:\/\/budapest100.hu\/en\/wp-json\/wp\/v2\/media\/52141"}],"wp:attachment":[{"href":"https:\/\/budapest100.hu\/en\/wp-json\/wp\/v2\/media?parent=113"}],"curies":[{"name":"wp","href":"https:\/\/api.w.org\/{rel}","templated":true}]}}