{"id":35421,"date":"2023-01-27T16:50:51","date_gmt":"2023-01-27T15:50:51","guid":{"rendered":"http:\/\/budapest100.hu\/?page_id=166"},"modified":"2026-03-30T15:15:48","modified_gmt":"2026-03-30T13:15:48","slug":"csatlakozz","status":"publish","type":"page","link":"https:\/\/budapest100.hu\/en\/csatlakozz\/","title":{"rendered":"Csatlakozz!"},"content":{"rendered":"","protected":false},"excerpt":{"rendered":"","protected":false},"author":25,"featured_media":81927,"parent":0,"menu_order":0,"comment_status":"closed","ping_status":"closed","template":"","meta":{"_acf_changed":false,"footnotes":""},"class_list":["post-35421","page","type-page","status-publish","has-post-thumbnail","hentry"],"acf":[],"yoast_head":"<!-- This site is optimized with the Yoast SEO plugin v27.3 - https:\/\/yoast.com\/product\/yoast-seo-wordpress\/ -->\n<title>Csatlakozz! - Budapest100<\/title>\n<meta name=\"description\" content=\"Budapest100 2025 - K\u00d6Z\/Z\u00d6LD. Csatlakozz \u00f6nk\u00e9ntesk\u00e9nt, lak\u00f3k\u00e9nt, v\u00e1rosi kert\u00e9szk\u00e9nt, akt\u00edv k\u00f6z\u00f6ss\u00e9gszervez\u0151k\u00e9nt!\" \/>\n<meta name=\"robots\" content=\"index, follow, max-snippet:-1, max-image-preview:large, max-video-preview:-1\" \/>\n<link rel=\"canonical\" href=\"https:\/\/budapest100.hu\/en\/csatlakozz\/\" \/>\n<meta property=\"og:locale\" content=\"en_US\" \/>\n<meta property=\"og:type\" content=\"article\" \/>\n<meta property=\"og:title\" content=\"Csatlakozz a Budapest100 k\u00f6z\u00f6ss\u00e9g\u00e9hez!\" \/>\n<meta property=\"og:description\" content=\"Ha k\u00edv\u00e1ncsian fordulsz Budapest \u00e9p\u00fcletei fel\u00e9, sz\u00edvesen megismern\u00e9d lak\u00f3ikat, dolgoz\u00f3ikat, t\u00f6rt\u00e9neteiket, \u00e9s egy\u00fctt dolgozn\u00e1l vel\u00fck, hogy megmutass\u00e1tok a h\u00e1zak \u00e9s k\u00f6z\u00f6ss\u00e9geik \u00e9rt\u00e9keit, csatlakozz csapatunkhoz!\" \/>\n<meta property=\"og:url\" content=\"https:\/\/budapest100.hu\/en\/csatlakozz\/\" \/>\n<meta property=\"og:site_name\" content=\"Budapest100\" \/>\n<meta property=\"article:modified_time\" content=\"2026-03-30T13:15:48+00:00\" \/>\n<meta property=\"og:image\" content=\"https:\/\/budapest100.hu\/wp-content\/uploads\/2024\/12\/XI_Budafoki_ut_17_Budapest100_Gyulai-Szilvia.jpg\" \/>\n\t<meta property=\"og:image:width\" content=\"1200\" \/>\n\t<meta property=\"og:image:height\" content=\"801\" \/>\n\t<meta property=\"og:image:type\" content=\"image\/jpeg\" \/>\n<meta name=\"twitter:card\" content=\"summary_large_image\" \/>\n<meta name=\"twitter:label1\" content=\"Est. reading time\" \/>\n\t<meta name=\"twitter:data1\" content=\"1 minute\" \/>\n<script type=\"application\/ld+json\" class=\"yoast-schema-graph\">{\"@context\":\"https:\\\/\\\/schema.org\",\"@graph\":[{\"@type\":\"WebPage\",\"@id\":\"https:\\\/\\\/budapest100.hu\\\/en\\\/csatlakozz\\\/\",\"url\":\"https:\\\/\\\/budapest100.hu\\\/en\\\/csatlakozz\\\/\",\"name\":\"Csatlakozz! - Budapest100\",\"isPartOf\":{\"@id\":\"https:\\\/\\\/budapest100.hu\\\/en\\\/#website\"},\"primaryImageOfPage\":{\"@id\":\"https:\\\/\\\/budapest100.hu\\\/en\\\/csatlakozz\\\/#primaryimage\"},\"image\":{\"@id\":\"https:\\\/\\\/budapest100.hu\\\/en\\\/csatlakozz\\\/#primaryimage\"},\"thumbnailUrl\":\"https:\\\/\\\/budapest100.hu\\\/wp-content\\\/uploads\\\/2024\\\/12\\\/Arnyas_ut_15_09_SchoffGergely_20240511-e1735238611877.jpg\",\"datePublished\":\"2023-01-27T15:50:51+00:00\",\"dateModified\":\"2026-03-30T13:15:48+00:00\",\"description\":\"Budapest100 2025 - K\u00d6Z\\\/Z\u00d6LD. Csatlakozz \u00f6nk\u00e9ntesk\u00e9nt, lak\u00f3k\u00e9nt, v\u00e1rosi kert\u00e9szk\u00e9nt, akt\u00edv k\u00f6z\u00f6ss\u00e9gszervez\u0151k\u00e9nt!\",\"inLanguage\":\"en-US\",\"potentialAction\":[{\"@type\":\"ReadAction\",\"target\":[\"https:\\\/\\\/budapest100.hu\\\/en\\\/csatlakozz\\\/\"]}]},{\"@type\":\"ImageObject\",\"inLanguage\":\"en-US\",\"@id\":\"https:\\\/\\\/budapest100.hu\\\/en\\\/csatlakozz\\\/#primaryimage\",\"url\":\"https:\\\/\\\/budapest100.hu\\\/wp-content\\\/uploads\\\/2024\\\/12\\\/Arnyas_ut_15_09_SchoffGergely_20240511-e1735238611877.jpg\",\"contentUrl\":\"https:\\\/\\\/budapest100.hu\\\/wp-content\\\/uploads\\\/2024\\\/12\\\/Arnyas_ut_15_09_SchoffGergely_20240511-e1735238611877.jpg\",\"width\":1500,\"height\":670},{\"@type\":\"WebSite\",\"@id\":\"https:\\\/\\\/budapest100.hu\\\/en\\\/#website\",\"url\":\"https:\\\/\\\/budapest100.hu\\\/en\\\/\",\"name\":\"Budapest100\",\"description\":\"Nyitott h\u00e1zak h\u00e9tv\u00e9g\u00e9je\",\"potentialAction\":[{\"@type\":\"SearchAction\",\"target\":{\"@type\":\"EntryPoint\",\"urlTemplate\":\"https:\\\/\\\/budapest100.hu\\\/en\\\/?s={search_term_string}\"},\"query-input\":{\"@type\":\"PropertyValueSpecification\",\"valueRequired\":true,\"valueName\":\"search_term_string\"}}],\"inLanguage\":\"en-US\"}]}<\/script>\n<!-- \/ Yoast SEO plugin. -->","yoast_head_json":{"title":"Csatlakozz! - Budapest100","description":"Budapest100 2025 - K\u00d6Z\/Z\u00d6LD. Csatlakozz \u00f6nk\u00e9ntesk\u00e9nt, lak\u00f3k\u00e9nt, v\u00e1rosi kert\u00e9szk\u00e9nt, akt\u00edv k\u00f6z\u00f6ss\u00e9gszervez\u0151k\u00e9nt!","robots":{"index":"index","follow":"follow","max-snippet":"max-snippet:-1","max-image-preview":"max-image-preview:large","max-video-preview":"max-video-preview:-1"},"canonical":"https:\/\/budapest100.hu\/en\/csatlakozz\/","og_locale":"en_US","og_type":"article","og_title":"Csatlakozz a Budapest100 k\u00f6z\u00f6ss\u00e9g\u00e9hez!","og_description":"Ha k\u00edv\u00e1ncsian fordulsz Budapest \u00e9p\u00fcletei fel\u00e9, sz\u00edvesen megismern\u00e9d lak\u00f3ikat, dolgoz\u00f3ikat, t\u00f6rt\u00e9neteiket, \u00e9s egy\u00fctt dolgozn\u00e1l vel\u00fck, hogy megmutass\u00e1tok a h\u00e1zak \u00e9s k\u00f6z\u00f6ss\u00e9geik \u00e9rt\u00e9keit, csatlakozz csapatunkhoz!","og_url":"https:\/\/budapest100.hu\/en\/csatlakozz\/","og_site_name":"Budapest100","article_modified_time":"2026-03-30T13:15:48+00:00","og_image":[{"width":1200,"height":801,"url":"https:\/\/budapest100.hu\/wp-content\/uploads\/2024\/12\/XI_Budafoki_ut_17_Budapest100_Gyulai-Szilvia.jpg","type":"image\/jpeg"}],"twitter_card":"summary_large_image","twitter_misc":{"Est. reading time":"1 minute"},"schema":{"@context":"https:\/\/schema.org","@graph":[{"@type":"WebPage","@id":"https:\/\/budapest100.hu\/en\/csatlakozz\/","url":"https:\/\/budapest100.hu\/en\/csatlakozz\/","name":"Csatlakozz! - Budapest100","isPartOf":{"@id":"https:\/\/budapest100.hu\/en\/#website"},"primaryImageOfPage":{"@id":"https:\/\/budapest100.hu\/en\/csatlakozz\/#primaryimage"},"image":{"@id":"https:\/\/budapest100.hu\/en\/csatlakozz\/#primaryimage"},"thumbnailUrl":"https:\/\/budapest100.hu\/wp-content\/uploads\/2024\/12\/Arnyas_ut_15_09_SchoffGergely_20240511-e1735238611877.jpg","datePublished":"2023-01-27T15:50:51+00:00","dateModified":"2026-03-30T13:15:48+00:00","description":"Budapest100 2025 - K\u00d6Z\/Z\u00d6LD. Csatlakozz \u00f6nk\u00e9ntesk\u00e9nt, lak\u00f3k\u00e9nt, v\u00e1rosi kert\u00e9szk\u00e9nt, akt\u00edv k\u00f6z\u00f6ss\u00e9gszervez\u0151k\u00e9nt!","inLanguage":"en-US","potentialAction":[{"@type":"ReadAction","target":["https:\/\/budapest100.hu\/en\/csatlakozz\/"]}]},{"@type":"ImageObject","inLanguage":"en-US","@id":"https:\/\/budapest100.hu\/en\/csatlakozz\/#primaryimage","url":"https:\/\/budapest100.hu\/wp-content\/uploads\/2024\/12\/Arnyas_ut_15_09_SchoffGergely_20240511-e1735238611877.jpg","contentUrl":"https:\/\/budapest100.hu\/wp-content\/uploads\/2024\/12\/Arnyas_ut_15_09_SchoffGergely_20240511-e1735238611877.jpg","width":1500,"height":670},{"@type":"WebSite","@id":"https:\/\/budapest100.hu\/en\/#website","url":"https:\/\/budapest100.hu\/en\/","name":"Budapest100","description":"Nyitott h\u00e1zak h\u00e9tv\u00e9g\u00e9je","potentialAction":[{"@type":"SearchAction","target":{"@type":"EntryPoint","urlTemplate":"https:\/\/budapest100.hu\/en\/?s={search_term_string}"},"query-input":{"@type":"PropertyValueSpecification","valueRequired":true,"valueName":"search_term_string"}}],"inLanguage":"en-US"}]}},"_links":{"self":[{"href":"https:\/\/budapest100.hu\/en\/wp-json\/wp\/v2\/pages\/35421","targetHints":{"allow":["GET"]}}],"collection":[{"href":"https:\/\/budapest100.hu\/en\/wp-json\/wp\/v2\/pages"}],"about":[{"href":"https:\/\/budapest100.hu\/en\/wp-json\/wp\/v2\/types\/page"}],"author":[{"embeddable":true,"href":"https:\/\/budapest100.hu\/en\/wp-json\/wp\/v2\/users\/25"}],"replies":[{"embeddable":true,"href":"https:\/\/budapest100.hu\/en\/wp-json\/wp\/v2\/comments?post=35421"}],"version-history":[{"count":72,"href":"https:\/\/budapest100.hu\/en\/wp-json\/wp\/v2\/pages\/35421\/revisions"}],"predecessor-version":[{"id":95989,"href":"https:\/\/budapest100.hu\/en\/wp-json\/wp\/v2\/pages\/35421\/revisions\/95989"}],"wp:featuredmedia":[{"embeddable":true,"href":"https:\/\/budapest100.hu\/en\/wp-json\/wp\/v2\/media\/81927"}],"wp:attachment":[{"href":"https:\/\/budapest100.hu\/en\/wp-json\/wp\/v2\/media?parent=35421"}],"curies":[{"name":"wp","href":"https:\/\/api.w.org\/{rel}","templated":true}]}}