{"id":55320,"date":"2023-04-17T14:55:40","date_gmt":"2023-04-17T12:55:40","guid":{"rendered":"https:\/\/budapest100.hu\/research\/"},"modified":"2024-02-09T12:38:11","modified_gmt":"2024-02-09T10:38:11","slug":"research","status":"publish","type":"page","link":"https:\/\/budapest100.hu\/en\/","title":{"rendered":"Main page"},"content":{"rendered":"","protected":false},"excerpt":{"rendered":"","protected":false},"author":25,"featured_media":67875,"parent":0,"menu_order":0,"comment_status":"closed","ping_status":"closed","template":"","meta":{"_acf_changed":false,"footnotes":""},"class_list":["post-55320","page","type-page","status-publish","has-post-thumbnail","hentry"],"acf":[],"yoast_head":"<!-- This site is optimized with the Yoast SEO plugin v27.3 - https:\/\/yoast.com\/product\/yoast-seo-wordpress\/ -->\n<title>Main page - Budapest100<\/title>\n<meta name=\"description\" content=\"Budapest100 is an architectural-cultural festival, a celebration of communities and the city, a weekend, that brings city dwellers and neighbors closer together and draws attention to the built values around us.\" \/>\n<meta name=\"robots\" content=\"index, follow, max-snippet:-1, max-image-preview:large, max-video-preview:-1\" \/>\n<link rel=\"canonical\" href=\"https:\/\/budapest100.hu\/en\/\" \/>\n<meta property=\"og:locale\" content=\"en_US\" \/>\n<meta property=\"og:type\" content=\"article\" \/>\n<meta property=\"og:title\" content=\"Budapest100 presents:the &#039;70s\" \/>\n<meta property=\"og:description\" content=\"Budapest100, which will take place between 9-12 May 2024, will showcase the city&#039;s late modern heritage and launch a conversation about its perceived value and possible future.\" \/>\n<meta property=\"og:url\" content=\"https:\/\/budapest100.hu\/en\/\" \/>\n<meta property=\"og:site_name\" content=\"Budapest100\" \/>\n<meta property=\"article:modified_time\" content=\"2024-02-09T10:38:11+00:00\" \/>\n<meta property=\"og:image\" content=\"http:\/\/budapest100.hu\/wp-content\/uploads\/2023\/04\/Krudy-Gyula-utca-11-\u00a9Gyulai-Szilvia-bp100-1024x684.jpg\" \/>\n<meta name=\"twitter:card\" content=\"summary_large_image\" \/>\n<script type=\"application\/ld+json\" class=\"yoast-schema-graph\">{\"@context\":\"https:\\\/\\\/schema.org\",\"@graph\":[{\"@type\":\"WebPage\",\"@id\":\"https:\\\/\\\/budapest100.hu\\\/en\\\/\",\"url\":\"https:\\\/\\\/budapest100.hu\\\/en\\\/\",\"name\":\"Main page - Budapest100\",\"isPartOf\":{\"@id\":\"https:\\\/\\\/budapest100.hu\\\/en\\\/#website\"},\"primaryImageOfPage\":{\"@id\":\"https:\\\/\\\/budapest100.hu\\\/en\\\/#primaryimage\"},\"image\":{\"@id\":\"https:\\\/\\\/budapest100.hu\\\/en\\\/#primaryimage\"},\"thumbnailUrl\":\"https:\\\/\\\/budapest100.hu\\\/wp-content\\\/uploads\\\/2023\\\/12\\\/vii_Damjanich_utca_40_42_rankid_013-scaled-e1736340970963.jpg\",\"datePublished\":\"2023-04-17T12:55:40+00:00\",\"dateModified\":\"2024-02-09T10:38:11+00:00\",\"description\":\"Budapest100 is an architectural-cultural festival, a celebration of communities and the city, a weekend, that brings city dwellers and neighbors closer together and draws attention to the built values around us.\",\"inLanguage\":\"en-US\",\"potentialAction\":[{\"@type\":\"ReadAction\",\"target\":[\"https:\\\/\\\/budapest100.hu\\\/en\\\/\"]}]},{\"@type\":\"ImageObject\",\"inLanguage\":\"en-US\",\"@id\":\"https:\\\/\\\/budapest100.hu\\\/en\\\/#primaryimage\",\"url\":\"https:\\\/\\\/budapest100.hu\\\/wp-content\\\/uploads\\\/2023\\\/12\\\/vii_Damjanich_utca_40_42_rankid_013-scaled-e1736340970963.jpg\",\"contentUrl\":\"https:\\\/\\\/budapest100.hu\\\/wp-content\\\/uploads\\\/2023\\\/12\\\/vii_Damjanich_utca_40_42_rankid_013-scaled-e1736340970963.jpg\",\"width\":2560,\"height\":1440},{\"@type\":\"WebSite\",\"@id\":\"https:\\\/\\\/budapest100.hu\\\/en\\\/#website\",\"url\":\"https:\\\/\\\/budapest100.hu\\\/en\\\/\",\"name\":\"Budapest100\",\"description\":\"Nyitott h\u00e1zak h\u00e9tv\u00e9g\u00e9je\",\"potentialAction\":[{\"@type\":\"SearchAction\",\"target\":{\"@type\":\"EntryPoint\",\"urlTemplate\":\"https:\\\/\\\/budapest100.hu\\\/en\\\/?s={search_term_string}\"},\"query-input\":{\"@type\":\"PropertyValueSpecification\",\"valueRequired\":true,\"valueName\":\"search_term_string\"}}],\"inLanguage\":\"en-US\"}]}<\/script>\n<!-- \/ Yoast SEO plugin. -->","yoast_head_json":{"title":"Main page - Budapest100","description":"Budapest100 is an architectural-cultural festival, a celebration of communities and the city, a weekend, that brings city dwellers and neighbors closer together and draws attention to the built values around us.","robots":{"index":"index","follow":"follow","max-snippet":"max-snippet:-1","max-image-preview":"max-image-preview:large","max-video-preview":"max-video-preview:-1"},"canonical":"https:\/\/budapest100.hu\/en\/","og_locale":"en_US","og_type":"article","og_title":"Budapest100 presents:the '70s","og_description":"Budapest100, which will take place between 9-12 May 2024, will showcase the city's late modern heritage and launch a conversation about its perceived value and possible future.","og_url":"https:\/\/budapest100.hu\/en\/","og_site_name":"Budapest100","article_modified_time":"2024-02-09T10:38:11+00:00","og_image":[{"url":"http:\/\/budapest100.hu\/wp-content\/uploads\/2023\/04\/Krudy-Gyula-utca-11-\u00a9Gyulai-Szilvia-bp100-1024x684.jpg","type":"","width":"","height":""}],"twitter_card":"summary_large_image","schema":{"@context":"https:\/\/schema.org","@graph":[{"@type":"WebPage","@id":"https:\/\/budapest100.hu\/en\/","url":"https:\/\/budapest100.hu\/en\/","name":"Main page - Budapest100","isPartOf":{"@id":"https:\/\/budapest100.hu\/en\/#website"},"primaryImageOfPage":{"@id":"https:\/\/budapest100.hu\/en\/#primaryimage"},"image":{"@id":"https:\/\/budapest100.hu\/en\/#primaryimage"},"thumbnailUrl":"https:\/\/budapest100.hu\/wp-content\/uploads\/2023\/12\/vii_Damjanich_utca_40_42_rankid_013-scaled-e1736340970963.jpg","datePublished":"2023-04-17T12:55:40+00:00","dateModified":"2024-02-09T10:38:11+00:00","description":"Budapest100 is an architectural-cultural festival, a celebration of communities and the city, a weekend, that brings city dwellers and neighbors closer together and draws attention to the built values around us.","inLanguage":"en-US","potentialAction":[{"@type":"ReadAction","target":["https:\/\/budapest100.hu\/en\/"]}]},{"@type":"ImageObject","inLanguage":"en-US","@id":"https:\/\/budapest100.hu\/en\/#primaryimage","url":"https:\/\/budapest100.hu\/wp-content\/uploads\/2023\/12\/vii_Damjanich_utca_40_42_rankid_013-scaled-e1736340970963.jpg","contentUrl":"https:\/\/budapest100.hu\/wp-content\/uploads\/2023\/12\/vii_Damjanich_utca_40_42_rankid_013-scaled-e1736340970963.jpg","width":2560,"height":1440},{"@type":"WebSite","@id":"https:\/\/budapest100.hu\/en\/#website","url":"https:\/\/budapest100.hu\/en\/","name":"Budapest100","description":"Nyitott h\u00e1zak h\u00e9tv\u00e9g\u00e9je","potentialAction":[{"@type":"SearchAction","target":{"@type":"EntryPoint","urlTemplate":"https:\/\/budapest100.hu\/en\/?s={search_term_string}"},"query-input":{"@type":"PropertyValueSpecification","valueRequired":true,"valueName":"search_term_string"}}],"inLanguage":"en-US"}]}},"_links":{"self":[{"href":"https:\/\/budapest100.hu\/en\/wp-json\/wp\/v2\/pages\/55320","targetHints":{"allow":["GET"]}}],"collection":[{"href":"https:\/\/budapest100.hu\/en\/wp-json\/wp\/v2\/pages"}],"about":[{"href":"https:\/\/budapest100.hu\/en\/wp-json\/wp\/v2\/types\/page"}],"author":[{"embeddable":true,"href":"https:\/\/budapest100.hu\/en\/wp-json\/wp\/v2\/users\/25"}],"replies":[{"embeddable":true,"href":"https:\/\/budapest100.hu\/en\/wp-json\/wp\/v2\/comments?post=55320"}],"version-history":[{"count":1,"href":"https:\/\/budapest100.hu\/en\/wp-json\/wp\/v2\/pages\/55320\/revisions"}],"predecessor-version":[{"id":68042,"href":"https:\/\/budapest100.hu\/en\/wp-json\/wp\/v2\/pages\/55320\/revisions\/68042"}],"wp:featuredmedia":[{"embeddable":true,"href":"https:\/\/budapest100.hu\/en\/wp-json\/wp\/v2\/media\/67875"}],"wp:attachment":[{"href":"https:\/\/budapest100.hu\/en\/wp-json\/wp\/v2\/media?parent=55320"}],"curies":[{"name":"wp","href":"https:\/\/api.w.org\/{rel}","templated":true}]}}