{"id":55323,"date":"2023-04-13T12:12:40","date_gmt":"2023-04-13T10:12:40","guid":{"rendered":"https:\/\/budapest100.hu\/test-programs\/"},"modified":"2025-05-18T20:52:58","modified_gmt":"2025-05-18T18:52:58","slug":"programs","status":"publish","type":"page","link":"https:\/\/budapest100.hu\/en\/programs\/","title":{"rendered":"Programs"},"content":{"rendered":"","protected":false},"excerpt":{"rendered":"","protected":false},"author":25,"featured_media":83096,"parent":0,"menu_order":0,"comment_status":"closed","ping_status":"closed","template":"","meta":{"_acf_changed":false,"footnotes":""},"class_list":["post-55323","page","type-page","status-publish","has-post-thumbnail","hentry"],"acf":[],"yoast_head":"<!-- This site is optimized with the Yoast SEO plugin v27.3 - https:\/\/yoast.com\/product\/yoast-seo-wordpress\/ -->\n<title>Programs - Budapest100<\/title>\n<meta name=\"robots\" content=\"index, follow, max-snippet:-1, max-image-preview:large, max-video-preview:-1\" \/>\n<link rel=\"canonical\" href=\"https:\/\/budapest100.hu\/en\/programs\/\" \/>\n<meta property=\"og:locale\" content=\"en_US\" \/>\n<meta property=\"og:type\" content=\"article\" \/>\n<meta property=\"og:title\" content=\"Budapest100 The 70&#039;s Programs 2024\" \/>\n<meta property=\"og:description\" content=\"Budapest100 is an architectural and cultural festival, a celebration of communities and the city, which has been running for 14 years and welcomes all those interested in architecture and urban issues. Our programs will take place in 2024 between 9-12 May.\" \/>\n<meta property=\"og:url\" content=\"https:\/\/budapest100.hu\/en\/programs\/\" \/>\n<meta property=\"og:site_name\" content=\"Budapest100\" \/>\n<meta property=\"article:modified_time\" content=\"2025-05-18T18:52:58+00:00\" \/>\n<meta property=\"og:image\" content=\"http:\/\/budapest100.hu\/wp-content\/uploads\/2023\/04\/Krudy-Gyula-utca-11-\u00a9Gyulai-Szilvia-bp100-1024x684.jpg\" \/>\n<meta name=\"twitter:card\" content=\"summary_large_image\" \/>\n<meta name=\"twitter:label1\" content=\"Est. reading time\" \/>\n\t<meta name=\"twitter:data1\" content=\"1 minute\" \/>\n<script type=\"application\/ld+json\" class=\"yoast-schema-graph\">{\"@context\":\"https:\\\/\\\/schema.org\",\"@graph\":[{\"@type\":\"WebPage\",\"@id\":\"https:\\\/\\\/budapest100.hu\\\/en\\\/programs\\\/\",\"url\":\"https:\\\/\\\/budapest100.hu\\\/en\\\/programs\\\/\",\"name\":\"Programs - Budapest100\",\"isPartOf\":{\"@id\":\"https:\\\/\\\/budapest100.hu\\\/en\\\/#website\"},\"primaryImageOfPage\":{\"@id\":\"https:\\\/\\\/budapest100.hu\\\/en\\\/programs\\\/#primaryimage\"},\"image\":{\"@id\":\"https:\\\/\\\/budapest100.hu\\\/en\\\/programs\\\/#primaryimage\"},\"thumbnailUrl\":\"https:\\\/\\\/budapest100.hu\\\/wp-content\\\/uploads\\\/2025\\\/03\\\/Lorinc-pap-ter-3_Budapest100_Gyulai-Szilvia.jpg\",\"datePublished\":\"2023-04-13T10:12:40+00:00\",\"dateModified\":\"2025-05-18T18:52:58+00:00\",\"inLanguage\":\"en-US\",\"potentialAction\":[{\"@type\":\"ReadAction\",\"target\":[\"https:\\\/\\\/budapest100.hu\\\/en\\\/programs\\\/\"]}]},{\"@type\":\"ImageObject\",\"inLanguage\":\"en-US\",\"@id\":\"https:\\\/\\\/budapest100.hu\\\/en\\\/programs\\\/#primaryimage\",\"url\":\"https:\\\/\\\/budapest100.hu\\\/wp-content\\\/uploads\\\/2025\\\/03\\\/Lorinc-pap-ter-3_Budapest100_Gyulai-Szilvia.jpg\",\"contentUrl\":\"https:\\\/\\\/budapest100.hu\\\/wp-content\\\/uploads\\\/2025\\\/03\\\/Lorinc-pap-ter-3_Budapest100_Gyulai-Szilvia.jpg\",\"width\":1200,\"height\":801},{\"@type\":\"WebSite\",\"@id\":\"https:\\\/\\\/budapest100.hu\\\/en\\\/#website\",\"url\":\"https:\\\/\\\/budapest100.hu\\\/en\\\/\",\"name\":\"Budapest100\",\"description\":\"Nyitott h\u00e1zak h\u00e9tv\u00e9g\u00e9je\",\"potentialAction\":[{\"@type\":\"SearchAction\",\"target\":{\"@type\":\"EntryPoint\",\"urlTemplate\":\"https:\\\/\\\/budapest100.hu\\\/en\\\/?s={search_term_string}\"},\"query-input\":{\"@type\":\"PropertyValueSpecification\",\"valueRequired\":true,\"valueName\":\"search_term_string\"}}],\"inLanguage\":\"en-US\"}]}<\/script>\n<!-- \/ Yoast SEO plugin. -->","yoast_head_json":{"title":"Programs - Budapest100","robots":{"index":"index","follow":"follow","max-snippet":"max-snippet:-1","max-image-preview":"max-image-preview:large","max-video-preview":"max-video-preview:-1"},"canonical":"https:\/\/budapest100.hu\/en\/programs\/","og_locale":"en_US","og_type":"article","og_title":"Budapest100 The 70's Programs 2024","og_description":"Budapest100 is an architectural and cultural festival, a celebration of communities and the city, which has been running for 14 years and welcomes all those interested in architecture and urban issues. Our programs will take place in 2024 between 9-12 May.","og_url":"https:\/\/budapest100.hu\/en\/programs\/","og_site_name":"Budapest100","article_modified_time":"2025-05-18T18:52:58+00:00","og_image":[{"url":"http:\/\/budapest100.hu\/wp-content\/uploads\/2023\/04\/Krudy-Gyula-utca-11-\u00a9Gyulai-Szilvia-bp100-1024x684.jpg","type":"","width":"","height":""}],"twitter_card":"summary_large_image","twitter_misc":{"Est. reading time":"1 minute"},"schema":{"@context":"https:\/\/schema.org","@graph":[{"@type":"WebPage","@id":"https:\/\/budapest100.hu\/en\/programs\/","url":"https:\/\/budapest100.hu\/en\/programs\/","name":"Programs - Budapest100","isPartOf":{"@id":"https:\/\/budapest100.hu\/en\/#website"},"primaryImageOfPage":{"@id":"https:\/\/budapest100.hu\/en\/programs\/#primaryimage"},"image":{"@id":"https:\/\/budapest100.hu\/en\/programs\/#primaryimage"},"thumbnailUrl":"https:\/\/budapest100.hu\/wp-content\/uploads\/2025\/03\/Lorinc-pap-ter-3_Budapest100_Gyulai-Szilvia.jpg","datePublished":"2023-04-13T10:12:40+00:00","dateModified":"2025-05-18T18:52:58+00:00","inLanguage":"en-US","potentialAction":[{"@type":"ReadAction","target":["https:\/\/budapest100.hu\/en\/programs\/"]}]},{"@type":"ImageObject","inLanguage":"en-US","@id":"https:\/\/budapest100.hu\/en\/programs\/#primaryimage","url":"https:\/\/budapest100.hu\/wp-content\/uploads\/2025\/03\/Lorinc-pap-ter-3_Budapest100_Gyulai-Szilvia.jpg","contentUrl":"https:\/\/budapest100.hu\/wp-content\/uploads\/2025\/03\/Lorinc-pap-ter-3_Budapest100_Gyulai-Szilvia.jpg","width":1200,"height":801},{"@type":"WebSite","@id":"https:\/\/budapest100.hu\/en\/#website","url":"https:\/\/budapest100.hu\/en\/","name":"Budapest100","description":"Nyitott h\u00e1zak h\u00e9tv\u00e9g\u00e9je","potentialAction":[{"@type":"SearchAction","target":{"@type":"EntryPoint","urlTemplate":"https:\/\/budapest100.hu\/en\/?s={search_term_string}"},"query-input":{"@type":"PropertyValueSpecification","valueRequired":true,"valueName":"search_term_string"}}],"inLanguage":"en-US"}]}},"_links":{"self":[{"href":"https:\/\/budapest100.hu\/en\/wp-json\/wp\/v2\/pages\/55323","targetHints":{"allow":["GET"]}}],"collection":[{"href":"https:\/\/budapest100.hu\/en\/wp-json\/wp\/v2\/pages"}],"about":[{"href":"https:\/\/budapest100.hu\/en\/wp-json\/wp\/v2\/types\/page"}],"author":[{"embeddable":true,"href":"https:\/\/budapest100.hu\/en\/wp-json\/wp\/v2\/users\/25"}],"replies":[{"embeddable":true,"href":"https:\/\/budapest100.hu\/en\/wp-json\/wp\/v2\/comments?post=55323"}],"version-history":[{"count":2,"href":"https:\/\/budapest100.hu\/en\/wp-json\/wp\/v2\/pages\/55323\/revisions"}],"predecessor-version":[{"id":90913,"href":"https:\/\/budapest100.hu\/en\/wp-json\/wp\/v2\/pages\/55323\/revisions\/90913"}],"wp:featuredmedia":[{"embeddable":true,"href":"https:\/\/budapest100.hu\/en\/wp-json\/wp\/v2\/media\/83096"}],"wp:attachment":[{"href":"https:\/\/budapest100.hu\/en\/wp-json\/wp\/v2\/media?parent=55323"}],"curies":[{"name":"wp","href":"https:\/\/api.w.org\/{rel}","templated":true}]}}