{"id":67353,"date":"2023-08-04T20:43:41","date_gmt":"2023-08-04T18:43:41","guid":{"rendered":"https:\/\/budapest100.hu\/?page_id=67353"},"modified":"2023-08-04T20:51:23","modified_gmt":"2023-08-04T18:51:23","slug":"varosvariaciok","status":"publish","type":"page","link":"https:\/\/budapest100.hu\/en\/varosvariaciok\/","title":{"rendered":"V\u00e1rosvari\u00e1ci\u00f3k"},"content":{"rendered":"<p>B\u00e1r a Budapest100 \u00fcnnepi h\u00e9tv\u00e9g\u00e9je sor\u00e1n jellemz\u0151en a v\u00e1ros gazdag m\u00faltj\u00e1val \u00e9s jelen\u00e9vel foglalkozunk, id\u00e9n arra gondoltunk k\u00eds\u00e9rletet tesz\u00fcnk a j\u00f6v\u0151 vizsg\u00e1lat\u00e1ra is. Ennek ment\u00e9n szervezt\u00fck j\u00f6v\u0151k\u00e9palkot\u00f3 m\u0171hely\u00fcnket, ahol k\u00eds\u00e9rletet tett\u00fcnk arra, hogy megalkossuk a Budapest Manifesztumot. Minden budapesti lakos jelentkez\u00e9s\u00e9t v\u00e1rtuk, akikkel a k\u00f6r\u00fclbel\u00fcl h\u00e1rom\u00f3r\u00e1s k\u00f6z\u00f6s gondolkod\u00e1s ut\u00e1n n\u00e9h\u00e1ny pontban szedt\u00fck \u00f6ssze, hogy a jelenlegihez k\u00e9pest milyen lenne egy ide\u00e1lis Budapest.<\/p>\n<p>A jelent eg\u00e9szen m\u00e1sk\u00e9pp vizsg\u00e1ltuk meg. Arra k\u00e9rt\u00fck a v\u00e1ros ir\u00e1nt \u00e9rdekl\u0151d\u0151ket, hogy k\u00fcldjenek nek\u00fcnk olyan k\u00e9peket, hangfelv\u00e9teleket \u00e9s t\u00f6rt\u00e9neteket, melyek sz\u00e1mukra Budapestet fejezik ki. A be\u00e9rkezett alkot\u00e1sok feldolgoz\u00e1sa izgalmas feladatot jelentett T\u00f3th Emes\u00e9nek, aki a t\u00f6rt\u00e9neteket gy\u00farta \u00f6ssze, Mizsei Zolt\u00e1nnak, aki a hangokat dolgozta fel, \u00e9s Csizik Bal\u00e1zsnak, aki a k\u00e9pekkel foglalkozott. A be\u00e9rkezett k\u00e9pekb\u0151l sz\u00fcletett \u201cmont\u00e1zsok\u201d \u00e9s a r\u00f6vid sztorikb\u00f3l sz\u0151tt t\u00f6rt\u00e9net mellett al\u00e1bb meghallgathat\u00f3ak a v\u00e1rosi hangsz\u00f6ved\u00e9kek is.<\/p>\n<p>Kiadv\u00e1nyunkban igyekezt\u00fcnk a v\u00e1rosvari\u00e1ci\u00f3k eredm\u00e9nyeit a be\u00e9rkezett m\u0171vek val\u00f3di sz\u00edn\u00e9ben, a m\u0171helymunka sor\u00e1n elhangzottakhoz h\u0171en bemutatni.<\/p>\n<p>&nbsp;<\/p>\n<h5>Budapest hangjai<\/h5>\n<div class=\"wp-playlist wp-audio-playlist wp-playlist-light\">\n\t\t\t<div class=\"wp-playlist-current-item\"><\/div>\n\t\t<audio controls=\"controls\" preload=\"none\" width=\"640\"\n\t\t\t><\/audio>\n\t<div class=\"wp-playlist-next\"><\/div>\n\t<div class=\"wp-playlist-prev\"><\/div>\n\t<noscript>\n\t<ol>\n\t\t<li><a href='https:\/\/budapest100.hu\/wp-content\/uploads\/2023\/08\/gyorsabb-athaladas.mp3'>gyorsabb-athaladas<\/a><\/li><li><a href='https:\/\/budapest100.hu\/wp-content\/uploads\/2023\/08\/milyen-lassan-megy.mp3'>milyen-lassan-megy<\/a><\/li><li><a href='https:\/\/budapest100.hu\/wp-content\/uploads\/2023\/08\/mozgolepcso.mp3'>mozgolepcso<\/a><\/li><li><a href='https:\/\/budapest100.hu\/wp-content\/uploads\/2023\/08\/retroallomas.mp3'>retroallomas<\/a><\/li><li><a href='https:\/\/budapest100.hu\/wp-content\/uploads\/2023\/08\/taxi-at-night.mp3'>taxi-at-night<\/a><\/li><li><a href='https:\/\/budapest100.hu\/wp-content\/uploads\/2023\/08\/tuzoltoauto-kihajtas.mp3'>tuzoltoauto-kihajtas<\/a><\/li><li><a href='https:\/\/budapest100.hu\/wp-content\/uploads\/2023\/08\/villamos.mp3'>villamos<\/a><\/li>\t<\/ol>\n\t<\/noscript>\n\t<script type=\"application\/json\" class=\"wp-playlist-script\">{\"type\":\"audio\",\"tracklist\":true,\"tracknumbers\":true,\"images\":true,\"artists\":false,\"tracks\":[{\"src\":\"https:\/\/budapest100.hu\/wp-content\/uploads\/2023\/08\/gyorsabb-athaladas.mp3\",\"type\":\"audio\/mpeg\",\"title\":\"gyorsabb-athaladas\",\"caption\":\"\",\"description\":\"\\\"gyorsabb-athaladas\\\".\",\"meta\":{\"length_formatted\":\"0:42\"},\"image\":{\"src\":\"https:\/\/budapest100.hu\/wp-includes\/images\/media\/audio.svg\",\"width\":48,\"height\":64},\"thumb\":{\"src\":\"https:\/\/budapest100.hu\/wp-includes\/images\/media\/audio.svg\",\"width\":48,\"height\":64}},{\"src\":\"https:\/\/budapest100.hu\/wp-content\/uploads\/2023\/08\/milyen-lassan-megy.mp3\",\"type\":\"audio\/mpeg\",\"title\":\"milyen-lassan-megy\",\"caption\":\"\",\"description\":\"\\\"milyen-lassan-megy\\\".\",\"meta\":{\"length_formatted\":\"0:58\"},\"image\":{\"src\":\"https:\/\/budapest100.hu\/wp-includes\/images\/media\/audio.svg\",\"width\":48,\"height\":64},\"thumb\":{\"src\":\"https:\/\/budapest100.hu\/wp-includes\/images\/media\/audio.svg\",\"width\":48,\"height\":64}},{\"src\":\"https:\/\/budapest100.hu\/wp-content\/uploads\/2023\/08\/mozgolepcso.mp3\",\"type\":\"audio\/mpeg\",\"title\":\"mozgolepcso\",\"caption\":\"\",\"description\":\"\\\"mozgolepcso\\\".\",\"meta\":{\"length_formatted\":\"1:09\"},\"image\":{\"src\":\"https:\/\/budapest100.hu\/wp-includes\/images\/media\/audio.svg\",\"width\":48,\"height\":64},\"thumb\":{\"src\":\"https:\/\/budapest100.hu\/wp-includes\/images\/media\/audio.svg\",\"width\":48,\"height\":64}},{\"src\":\"https:\/\/budapest100.hu\/wp-content\/uploads\/2023\/08\/retroallomas.mp3\",\"type\":\"audio\/mpeg\",\"title\":\"retroallomas\",\"caption\":\"\",\"description\":\"\\\"retroallomas\\\".\",\"meta\":{\"length_formatted\":\"1:37\"},\"image\":{\"src\":\"https:\/\/budapest100.hu\/wp-includes\/images\/media\/audio.svg\",\"width\":48,\"height\":64},\"thumb\":{\"src\":\"https:\/\/budapest100.hu\/wp-includes\/images\/media\/audio.svg\",\"width\":48,\"height\":64}},{\"src\":\"https:\/\/budapest100.hu\/wp-content\/uploads\/2023\/08\/taxi-at-night.mp3\",\"type\":\"audio\/mpeg\",\"title\":\"taxi-at-night\",\"caption\":\"\",\"description\":\"\\\"taxi-at-night\\\".\",\"meta\":{\"length_formatted\":\"0:54\"},\"image\":{\"src\":\"https:\/\/budapest100.hu\/wp-includes\/images\/media\/audio.svg\",\"width\":48,\"height\":64},\"thumb\":{\"src\":\"https:\/\/budapest100.hu\/wp-includes\/images\/media\/audio.svg\",\"width\":48,\"height\":64}},{\"src\":\"https:\/\/budapest100.hu\/wp-content\/uploads\/2023\/08\/tuzoltoauto-kihajtas.mp3\",\"type\":\"audio\/mpeg\",\"title\":\"tuzoltoauto-kihajtas\",\"caption\":\"\",\"description\":\"\\\"tuzoltoauto-kihajtas\\\".\",\"meta\":{\"length_formatted\":\"1:01\"},\"image\":{\"src\":\"https:\/\/budapest100.hu\/wp-includes\/images\/media\/audio.svg\",\"width\":48,\"height\":64},\"thumb\":{\"src\":\"https:\/\/budapest100.hu\/wp-includes\/images\/media\/audio.svg\",\"width\":48,\"height\":64}},{\"src\":\"https:\/\/budapest100.hu\/wp-content\/uploads\/2023\/08\/villamos.mp3\",\"type\":\"audio\/mpeg\",\"title\":\"villamos\",\"caption\":\"\",\"description\":\"\\\"villamos\\\".\",\"meta\":{\"length_formatted\":\"1:06\"},\"image\":{\"src\":\"https:\/\/budapest100.hu\/wp-includes\/images\/media\/audio.svg\",\"width\":48,\"height\":64},\"thumb\":{\"src\":\"https:\/\/budapest100.hu\/wp-includes\/images\/media\/audio.svg\",\"width\":48,\"height\":64}}]}<\/script>\n<\/div>\n\t\n<p>&nbsp;<\/p>\n","protected":false},"excerpt":{"rendered":"<p>B\u00e1r a Budapest100 \u00fcnnepi h\u00e9tv\u00e9g\u00e9je sor\u00e1n jellemz\u0151en a v\u00e1ros gazdag m\u00faltj\u00e1val \u00e9s jelen\u00e9vel foglalkozunk, id\u00e9n arra gondoltunk k\u00eds\u00e9rletet tesz\u00fcnk a j\u00f6v\u0151 vizsg\u00e1lat\u00e1ra is. Ennek ment\u00e9n szervezt\u00fck j\u00f6v\u0151k\u00e9palkot\u00f3 m\u0171hely\u00fcnket, ahol k\u00eds\u00e9rletet tett\u00fcnk arra, hogy megalkossuk a Budapest Manifesztumot. Minden budapesti lakos jelentkez\u00e9s\u00e9t v\u00e1rtuk, akikkel a k\u00f6r\u00fclbel\u00fcl h\u00e1rom\u00f3r\u00e1s k\u00f6z\u00f6s gondolkod\u00e1s ut\u00e1n n\u00e9h\u00e1ny pontban szedt\u00fck \u00f6ssze, hogy a [&hellip;]<\/p>\n","protected":false},"author":25,"featured_media":67355,"parent":0,"menu_order":0,"comment_status":"closed","ping_status":"closed","template":"","meta":{"_acf_changed":false,"footnotes":""},"class_list":["post-67353","page","type-page","status-publish","has-post-thumbnail","hentry"],"acf":[],"yoast_head":"<!-- This site is optimized with the Yoast SEO plugin v27.3 - https:\/\/yoast.com\/product\/yoast-seo-wordpress\/ -->\n<title>V\u00e1rosvari\u00e1ci\u00f3k - Budapest100<\/title>\n<meta name=\"robots\" content=\"index, follow, max-snippet:-1, max-image-preview:large, max-video-preview:-1\" \/>\n<link rel=\"canonical\" href=\"https:\/\/budapest100.hu\/en\/varosvariaciok\/\" \/>\n<meta property=\"og:locale\" content=\"en_US\" \/>\n<meta property=\"og:type\" content=\"article\" \/>\n<meta property=\"og:title\" content=\"V\u00e1rosvari\u00e1ci\u00f3k - Budapest100\" \/>\n<meta property=\"og:description\" content=\"B\u00e1r a Budapest100 \u00fcnnepi h\u00e9tv\u00e9g\u00e9je sor\u00e1n jellemz\u0151en a v\u00e1ros gazdag m\u00faltj\u00e1val \u00e9s jelen\u00e9vel foglalkozunk, id\u00e9n arra gondoltunk k\u00eds\u00e9rletet tesz\u00fcnk a j\u00f6v\u0151 vizsg\u00e1lat\u00e1ra is. Ennek ment\u00e9n szervezt\u00fck j\u00f6v\u0151k\u00e9palkot\u00f3 m\u0171hely\u00fcnket, ahol k\u00eds\u00e9rletet tett\u00fcnk arra, hogy megalkossuk a Budapest Manifesztumot. Minden budapesti lakos jelentkez\u00e9s\u00e9t v\u00e1rtuk, akikkel a k\u00f6r\u00fclbel\u00fcl h\u00e1rom\u00f3r\u00e1s k\u00f6z\u00f6s gondolkod\u00e1s ut\u00e1n n\u00e9h\u00e1ny pontban szedt\u00fck \u00f6ssze, hogy a [&hellip;]\" \/>\n<meta property=\"og:url\" content=\"https:\/\/budapest100.hu\/en\/varosvariaciok\/\" \/>\n<meta property=\"og:site_name\" content=\"Budapest100\" \/>\n<meta property=\"article:modified_time\" content=\"2023-08-04T18:51:23+00:00\" \/>\n<meta property=\"og:image\" content=\"https:\/\/budapest100.hu\/wp-content\/uploads\/2023\/08\/Varosvariaciok_2023_SzijBarbara-scaled-1.jpg\" \/>\n\t<meta property=\"og:image:width\" content=\"2560\" \/>\n\t<meta property=\"og:image:height\" content=\"920\" \/>\n\t<meta property=\"og:image:type\" content=\"image\/jpeg\" \/>\n<meta name=\"twitter:card\" content=\"summary_large_image\" \/>\n<meta name=\"twitter:label1\" content=\"Est. reading time\" \/>\n\t<meta name=\"twitter:data1\" content=\"1 minute\" \/>\n<script type=\"application\/ld+json\" class=\"yoast-schema-graph\">{\"@context\":\"https:\\\/\\\/schema.org\",\"@graph\":[{\"@type\":\"WebPage\",\"@id\":\"https:\\\/\\\/budapest100.hu\\\/en\\\/varosvariaciok\\\/\",\"url\":\"https:\\\/\\\/budapest100.hu\\\/en\\\/varosvariaciok\\\/\",\"name\":\"V\u00e1rosvari\u00e1ci\u00f3k - Budapest100\",\"isPartOf\":{\"@id\":\"https:\\\/\\\/budapest100.hu\\\/en\\\/#website\"},\"primaryImageOfPage\":{\"@id\":\"https:\\\/\\\/budapest100.hu\\\/en\\\/varosvariaciok\\\/#primaryimage\"},\"image\":{\"@id\":\"https:\\\/\\\/budapest100.hu\\\/en\\\/varosvariaciok\\\/#primaryimage\"},\"thumbnailUrl\":\"https:\\\/\\\/budapest100.hu\\\/wp-content\\\/uploads\\\/2023\\\/08\\\/Varosvariaciok_2023_SzijBarbara-scaled-1.jpg\",\"datePublished\":\"2023-08-04T18:43:41+00:00\",\"dateModified\":\"2023-08-04T18:51:23+00:00\",\"inLanguage\":\"en-US\",\"potentialAction\":[{\"@type\":\"ReadAction\",\"target\":[\"https:\\\/\\\/budapest100.hu\\\/en\\\/varosvariaciok\\\/\"]}]},{\"@type\":\"ImageObject\",\"inLanguage\":\"en-US\",\"@id\":\"https:\\\/\\\/budapest100.hu\\\/en\\\/varosvariaciok\\\/#primaryimage\",\"url\":\"https:\\\/\\\/budapest100.hu\\\/wp-content\\\/uploads\\\/2023\\\/08\\\/Varosvariaciok_2023_SzijBarbara-scaled-1.jpg\",\"contentUrl\":\"https:\\\/\\\/budapest100.hu\\\/wp-content\\\/uploads\\\/2023\\\/08\\\/Varosvariaciok_2023_SzijBarbara-scaled-1.jpg\",\"width\":2560,\"height\":920},{\"@type\":\"WebSite\",\"@id\":\"https:\\\/\\\/budapest100.hu\\\/en\\\/#website\",\"url\":\"https:\\\/\\\/budapest100.hu\\\/en\\\/\",\"name\":\"Budapest100\",\"description\":\"Nyitott h\u00e1zak h\u00e9tv\u00e9g\u00e9je\",\"potentialAction\":[{\"@type\":\"SearchAction\",\"target\":{\"@type\":\"EntryPoint\",\"urlTemplate\":\"https:\\\/\\\/budapest100.hu\\\/en\\\/?s={search_term_string}\"},\"query-input\":{\"@type\":\"PropertyValueSpecification\",\"valueRequired\":true,\"valueName\":\"search_term_string\"}}],\"inLanguage\":\"en-US\"}]}<\/script>\n<!-- \/ Yoast SEO plugin. -->","yoast_head_json":{"title":"V\u00e1rosvari\u00e1ci\u00f3k - Budapest100","robots":{"index":"index","follow":"follow","max-snippet":"max-snippet:-1","max-image-preview":"max-image-preview:large","max-video-preview":"max-video-preview:-1"},"canonical":"https:\/\/budapest100.hu\/en\/varosvariaciok\/","og_locale":"en_US","og_type":"article","og_title":"V\u00e1rosvari\u00e1ci\u00f3k - Budapest100","og_description":"B\u00e1r a Budapest100 \u00fcnnepi h\u00e9tv\u00e9g\u00e9je sor\u00e1n jellemz\u0151en a v\u00e1ros gazdag m\u00faltj\u00e1val \u00e9s jelen\u00e9vel foglalkozunk, id\u00e9n arra gondoltunk k\u00eds\u00e9rletet tesz\u00fcnk a j\u00f6v\u0151 vizsg\u00e1lat\u00e1ra is. Ennek ment\u00e9n szervezt\u00fck j\u00f6v\u0151k\u00e9palkot\u00f3 m\u0171hely\u00fcnket, ahol k\u00eds\u00e9rletet tett\u00fcnk arra, hogy megalkossuk a Budapest Manifesztumot. Minden budapesti lakos jelentkez\u00e9s\u00e9t v\u00e1rtuk, akikkel a k\u00f6r\u00fclbel\u00fcl h\u00e1rom\u00f3r\u00e1s k\u00f6z\u00f6s gondolkod\u00e1s ut\u00e1n n\u00e9h\u00e1ny pontban szedt\u00fck \u00f6ssze, hogy a [&hellip;]","og_url":"https:\/\/budapest100.hu\/en\/varosvariaciok\/","og_site_name":"Budapest100","article_modified_time":"2023-08-04T18:51:23+00:00","og_image":[{"width":2560,"height":920,"url":"https:\/\/budapest100.hu\/wp-content\/uploads\/2023\/08\/Varosvariaciok_2023_SzijBarbara-scaled-1.jpg","type":"image\/jpeg"}],"twitter_card":"summary_large_image","twitter_misc":{"Est. reading time":"1 minute"},"schema":{"@context":"https:\/\/schema.org","@graph":[{"@type":"WebPage","@id":"https:\/\/budapest100.hu\/en\/varosvariaciok\/","url":"https:\/\/budapest100.hu\/en\/varosvariaciok\/","name":"V\u00e1rosvari\u00e1ci\u00f3k - Budapest100","isPartOf":{"@id":"https:\/\/budapest100.hu\/en\/#website"},"primaryImageOfPage":{"@id":"https:\/\/budapest100.hu\/en\/varosvariaciok\/#primaryimage"},"image":{"@id":"https:\/\/budapest100.hu\/en\/varosvariaciok\/#primaryimage"},"thumbnailUrl":"https:\/\/budapest100.hu\/wp-content\/uploads\/2023\/08\/Varosvariaciok_2023_SzijBarbara-scaled-1.jpg","datePublished":"2023-08-04T18:43:41+00:00","dateModified":"2023-08-04T18:51:23+00:00","inLanguage":"en-US","potentialAction":[{"@type":"ReadAction","target":["https:\/\/budapest100.hu\/en\/varosvariaciok\/"]}]},{"@type":"ImageObject","inLanguage":"en-US","@id":"https:\/\/budapest100.hu\/en\/varosvariaciok\/#primaryimage","url":"https:\/\/budapest100.hu\/wp-content\/uploads\/2023\/08\/Varosvariaciok_2023_SzijBarbara-scaled-1.jpg","contentUrl":"https:\/\/budapest100.hu\/wp-content\/uploads\/2023\/08\/Varosvariaciok_2023_SzijBarbara-scaled-1.jpg","width":2560,"height":920},{"@type":"WebSite","@id":"https:\/\/budapest100.hu\/en\/#website","url":"https:\/\/budapest100.hu\/en\/","name":"Budapest100","description":"Nyitott h\u00e1zak h\u00e9tv\u00e9g\u00e9je","potentialAction":[{"@type":"SearchAction","target":{"@type":"EntryPoint","urlTemplate":"https:\/\/budapest100.hu\/en\/?s={search_term_string}"},"query-input":{"@type":"PropertyValueSpecification","valueRequired":true,"valueName":"search_term_string"}}],"inLanguage":"en-US"}]}},"_links":{"self":[{"href":"https:\/\/budapest100.hu\/en\/wp-json\/wp\/v2\/pages\/67353","targetHints":{"allow":["GET"]}}],"collection":[{"href":"https:\/\/budapest100.hu\/en\/wp-json\/wp\/v2\/pages"}],"about":[{"href":"https:\/\/budapest100.hu\/en\/wp-json\/wp\/v2\/types\/page"}],"author":[{"embeddable":true,"href":"https:\/\/budapest100.hu\/en\/wp-json\/wp\/v2\/users\/25"}],"replies":[{"embeddable":true,"href":"https:\/\/budapest100.hu\/en\/wp-json\/wp\/v2\/comments?post=67353"}],"version-history":[{"count":4,"href":"https:\/\/budapest100.hu\/en\/wp-json\/wp\/v2\/pages\/67353\/revisions"}],"predecessor-version":[{"id":67373,"href":"https:\/\/budapest100.hu\/en\/wp-json\/wp\/v2\/pages\/67353\/revisions\/67373"}],"wp:featuredmedia":[{"embeddable":true,"href":"https:\/\/budapest100.hu\/en\/wp-json\/wp\/v2\/media\/67355"}],"wp:attachment":[{"href":"https:\/\/budapest100.hu\/en\/wp-json\/wp\/v2\/media?parent=67353"}],"curies":[{"name":"wp","href":"https:\/\/api.w.org\/{rel}","templated":true}]}}