{"id":67860,"date":"2023-12-20T23:15:08","date_gmt":"2023-12-20T21:15:08","guid":{"rendered":"https:\/\/budapest100.hu\/?page_id=67860"},"modified":"2025-01-07T10:39:36","modified_gmt":"2025-01-07T08:39:36","slug":"lakofelhivas-2024","status":"publish","type":"page","link":"https:\/\/budapest100.hu\/en\/lakofelhivas-2024\/","title":{"rendered":"Felh\u00edv\u00e1s csatlakoz\u00f3 h\u00e1zaknak 2024"},"content":{"rendered":"","protected":false},"excerpt":{"rendered":"","protected":false},"author":11,"featured_media":67822,"parent":0,"menu_order":0,"comment_status":"closed","ping_status":"closed","template":"page-felhivas.php","meta":{"_acf_changed":false,"footnotes":""},"class_list":["post-67860","page","type-page","status-publish","has-post-thumbnail","hentry"],"acf":[],"yoast_head":"<!-- This site is optimized with the Yoast SEO plugin v27.3 - https:\/\/yoast.com\/product\/yoast-seo-wordpress\/ -->\n<title>Felh\u00edv\u00e1s csatlakoz\u00f3 h\u00e1zaknak 2024 - Budapest100<\/title>\n<meta name=\"robots\" content=\"index, follow, max-snippet:-1, max-image-preview:large, max-video-preview:-1\" \/>\n<link rel=\"canonical\" href=\"https:\/\/budapest100.hu\/en\/lakofelhivas-2024\/\" \/>\n<meta property=\"og:locale\" content=\"en_US\" \/>\n<meta property=\"og:type\" content=\"article\" \/>\n<meta property=\"og:title\" content=\"Budapest100 &#039;70-es \u00e9vek - Felh\u00edv\u00e1s csatlakoz\u00f3 h\u00e1zaknak\" \/>\n<meta property=\"og:description\" content=\"A Kort\u00e1rs \u00c9p\u00edt\u00e9szeti K\u00f6zpont (K\u00c9K) szervez\u00e9s\u00e9ben 2024. m\u00e1jus 9-12. k\u00f6z\u00f6tt rendezz\u00fck meg a Budapest100-at. Id\u00e9n minden 1970-es \u00e9vekben \u00e9p\u00fclt budapesti \u00e9p\u00fclet k\u00f6z\u00f6ss\u00e9g\u00e9nek jelentkez\u00e9s\u00e9t k\u00edv\u00e1ncsian v\u00e1rjuk!\" \/>\n<meta property=\"og:url\" content=\"https:\/\/budapest100.hu\/en\/lakofelhivas-2024\/\" \/>\n<meta property=\"og:site_name\" content=\"Budapest100\" \/>\n<meta property=\"article:modified_time\" content=\"2025-01-07T08:39:36+00:00\" \/>\n<meta name=\"twitter:card\" content=\"summary_large_image\" \/>\n<meta name=\"twitter:title\" content=\"Budapest100 V\u00e1rosegyes\u00edt\u00e9s - Csatlakozz \u00f6nk\u00e9ntesk\u00e9nt!\" \/>\n<meta name=\"twitter:description\" content=\"A Kort\u00e1rs \u00c9p\u00edt\u00e9szeti K\u00f6zpont (K\u00c9K) szervez\u00e9s\u00e9ben 2023. m\u00e1jus 11-14. k\u00f6z\u00f6tt rendezz\u00fck meg a Budapest100-at. Ism\u00e9t v\u00e1rjuk az \u00f6nk\u00e9nteseinket, hogy egy\u00fctt szervezhess\u00fck meg a v\u00e1ros legszebb \u00fcnnep\u00e9t!\" \/>\n<meta name=\"twitter:label1\" content=\"Est. reading time\" \/>\n\t<meta name=\"twitter:data1\" content=\"1 minute\" \/>\n<script type=\"application\/ld+json\" class=\"yoast-schema-graph\">{\"@context\":\"https:\\\/\\\/schema.org\",\"@graph\":[{\"@type\":\"WebPage\",\"@id\":\"https:\\\/\\\/budapest100.hu\\\/en\\\/lakofelhivas-2024\\\/\",\"url\":\"https:\\\/\\\/budapest100.hu\\\/en\\\/lakofelhivas-2024\\\/\",\"name\":\"Felh\u00edv\u00e1s csatlakoz\u00f3 h\u00e1zaknak 2024 - Budapest100\",\"isPartOf\":{\"@id\":\"https:\\\/\\\/budapest100.hu\\\/en\\\/#website\"},\"primaryImageOfPage\":{\"@id\":\"https:\\\/\\\/budapest100.hu\\\/en\\\/lakofelhivas-2024\\\/#primaryimage\"},\"image\":{\"@id\":\"https:\\\/\\\/budapest100.hu\\\/en\\\/lakofelhivas-2024\\\/#primaryimage\"},\"thumbnailUrl\":\"https:\\\/\\\/budapest100.hu\\\/wp-content\\\/uploads\\\/2023\\\/12\\\/Maria_u_11_04_SchoffGergely_20230513.jpg\",\"datePublished\":\"2023-12-20T21:15:08+00:00\",\"dateModified\":\"2025-01-07T08:39:36+00:00\",\"inLanguage\":\"en-US\",\"potentialAction\":[{\"@type\":\"ReadAction\",\"target\":[\"https:\\\/\\\/budapest100.hu\\\/en\\\/lakofelhivas-2024\\\/\"]}]},{\"@type\":\"ImageObject\",\"inLanguage\":\"en-US\",\"@id\":\"https:\\\/\\\/budapest100.hu\\\/en\\\/lakofelhivas-2024\\\/#primaryimage\",\"url\":\"https:\\\/\\\/budapest100.hu\\\/wp-content\\\/uploads\\\/2023\\\/12\\\/Maria_u_11_04_SchoffGergely_20230513.jpg\",\"contentUrl\":\"https:\\\/\\\/budapest100.hu\\\/wp-content\\\/uploads\\\/2023\\\/12\\\/Maria_u_11_04_SchoffGergely_20230513.jpg\",\"width\":1500,\"height\":1000},{\"@type\":\"WebSite\",\"@id\":\"https:\\\/\\\/budapest100.hu\\\/en\\\/#website\",\"url\":\"https:\\\/\\\/budapest100.hu\\\/en\\\/\",\"name\":\"Budapest100\",\"description\":\"Nyitott h\u00e1zak h\u00e9tv\u00e9g\u00e9je\",\"potentialAction\":[{\"@type\":\"SearchAction\",\"target\":{\"@type\":\"EntryPoint\",\"urlTemplate\":\"https:\\\/\\\/budapest100.hu\\\/en\\\/?s={search_term_string}\"},\"query-input\":{\"@type\":\"PropertyValueSpecification\",\"valueRequired\":true,\"valueName\":\"search_term_string\"}}],\"inLanguage\":\"en-US\"}]}<\/script>\n<!-- \/ Yoast SEO plugin. -->","yoast_head_json":{"title":"Felh\u00edv\u00e1s csatlakoz\u00f3 h\u00e1zaknak 2024 - Budapest100","robots":{"index":"index","follow":"follow","max-snippet":"max-snippet:-1","max-image-preview":"max-image-preview:large","max-video-preview":"max-video-preview:-1"},"canonical":"https:\/\/budapest100.hu\/en\/lakofelhivas-2024\/","og_locale":"en_US","og_type":"article","og_title":"Budapest100 '70-es \u00e9vek - Felh\u00edv\u00e1s csatlakoz\u00f3 h\u00e1zaknak","og_description":"A Kort\u00e1rs \u00c9p\u00edt\u00e9szeti K\u00f6zpont (K\u00c9K) szervez\u00e9s\u00e9ben 2024. m\u00e1jus 9-12. k\u00f6z\u00f6tt rendezz\u00fck meg a Budapest100-at. Id\u00e9n minden 1970-es \u00e9vekben \u00e9p\u00fclt budapesti \u00e9p\u00fclet k\u00f6z\u00f6ss\u00e9g\u00e9nek jelentkez\u00e9s\u00e9t k\u00edv\u00e1ncsian v\u00e1rjuk!","og_url":"https:\/\/budapest100.hu\/en\/lakofelhivas-2024\/","og_site_name":"Budapest100","article_modified_time":"2025-01-07T08:39:36+00:00","twitter_card":"summary_large_image","twitter_title":"Budapest100 V\u00e1rosegyes\u00edt\u00e9s - Csatlakozz \u00f6nk\u00e9ntesk\u00e9nt!","twitter_description":"A Kort\u00e1rs \u00c9p\u00edt\u00e9szeti K\u00f6zpont (K\u00c9K) szervez\u00e9s\u00e9ben 2023. m\u00e1jus 11-14. k\u00f6z\u00f6tt rendezz\u00fck meg a Budapest100-at. Ism\u00e9t v\u00e1rjuk az \u00f6nk\u00e9nteseinket, hogy egy\u00fctt szervezhess\u00fck meg a v\u00e1ros legszebb \u00fcnnep\u00e9t!","twitter_misc":{"Est. reading time":"1 minute"},"schema":{"@context":"https:\/\/schema.org","@graph":[{"@type":"WebPage","@id":"https:\/\/budapest100.hu\/en\/lakofelhivas-2024\/","url":"https:\/\/budapest100.hu\/en\/lakofelhivas-2024\/","name":"Felh\u00edv\u00e1s csatlakoz\u00f3 h\u00e1zaknak 2024 - Budapest100","isPartOf":{"@id":"https:\/\/budapest100.hu\/en\/#website"},"primaryImageOfPage":{"@id":"https:\/\/budapest100.hu\/en\/lakofelhivas-2024\/#primaryimage"},"image":{"@id":"https:\/\/budapest100.hu\/en\/lakofelhivas-2024\/#primaryimage"},"thumbnailUrl":"https:\/\/budapest100.hu\/wp-content\/uploads\/2023\/12\/Maria_u_11_04_SchoffGergely_20230513.jpg","datePublished":"2023-12-20T21:15:08+00:00","dateModified":"2025-01-07T08:39:36+00:00","inLanguage":"en-US","potentialAction":[{"@type":"ReadAction","target":["https:\/\/budapest100.hu\/en\/lakofelhivas-2024\/"]}]},{"@type":"ImageObject","inLanguage":"en-US","@id":"https:\/\/budapest100.hu\/en\/lakofelhivas-2024\/#primaryimage","url":"https:\/\/budapest100.hu\/wp-content\/uploads\/2023\/12\/Maria_u_11_04_SchoffGergely_20230513.jpg","contentUrl":"https:\/\/budapest100.hu\/wp-content\/uploads\/2023\/12\/Maria_u_11_04_SchoffGergely_20230513.jpg","width":1500,"height":1000},{"@type":"WebSite","@id":"https:\/\/budapest100.hu\/en\/#website","url":"https:\/\/budapest100.hu\/en\/","name":"Budapest100","description":"Nyitott h\u00e1zak h\u00e9tv\u00e9g\u00e9je","potentialAction":[{"@type":"SearchAction","target":{"@type":"EntryPoint","urlTemplate":"https:\/\/budapest100.hu\/en\/?s={search_term_string}"},"query-input":{"@type":"PropertyValueSpecification","valueRequired":true,"valueName":"search_term_string"}}],"inLanguage":"en-US"}]}},"_links":{"self":[{"href":"https:\/\/budapest100.hu\/en\/wp-json\/wp\/v2\/pages\/67860","targetHints":{"allow":["GET"]}}],"collection":[{"href":"https:\/\/budapest100.hu\/en\/wp-json\/wp\/v2\/pages"}],"about":[{"href":"https:\/\/budapest100.hu\/en\/wp-json\/wp\/v2\/types\/page"}],"author":[{"embeddable":true,"href":"https:\/\/budapest100.hu\/en\/wp-json\/wp\/v2\/users\/11"}],"replies":[{"embeddable":true,"href":"https:\/\/budapest100.hu\/en\/wp-json\/wp\/v2\/comments?post=67860"}],"version-history":[{"count":17,"href":"https:\/\/budapest100.hu\/en\/wp-json\/wp\/v2\/pages\/67860\/revisions"}],"predecessor-version":[{"id":82227,"href":"https:\/\/budapest100.hu\/en\/wp-json\/wp\/v2\/pages\/67860\/revisions\/82227"}],"wp:featuredmedia":[{"embeddable":true,"href":"https:\/\/budapest100.hu\/en\/wp-json\/wp\/v2\/media\/67822"}],"wp:attachment":[{"href":"https:\/\/budapest100.hu\/en\/wp-json\/wp\/v2\/media?parent=67860"}],"curies":[{"name":"wp","href":"https:\/\/api.w.org\/{rel}","templated":true}]}}