{"id":69067,"date":"2024-04-05T12:51:13","date_gmt":"2024-04-05T10:51:13","guid":{"rendered":"https:\/\/budapest100.hu\/?page_id=69067"},"modified":"2024-04-05T12:54:23","modified_gmt":"2024-04-05T10:54:23","slug":"hasznos-informaciok","status":"publish","type":"page","link":"https:\/\/budapest100.hu\/en\/hasznos-informaciok\/","title":{"rendered":"Hasznos inform\u00e1ci\u00f3k"},"content":{"rendered":"\n<p>A Budapest100 nyilv\u00e1nos rendezv\u00e9ny, amelyen a szervez\u0151k a program dokument\u00e1l\u00e1sa \u00e9s n\u00e9pszer\u0171s\u00edt\u00e9se \u00e9rdek\u00e9ben fot\u00f3kat\/vide\u00f3kat is k\u00e9sz\u00edtenek. A program l\u00e1togat\u00f3i, \u00f6nk\u00e9ntesei \u00e9s szervez\u0151i r\u00e9szv\u00e9tel\u00fckkel automatikusan tudom\u00e1sul veszik, hogy amennyiben a fot\u00f3kon\/vide\u00f3kon szerepelnek, \u00fagy ez\u00e9rt semmilyen ellenszolg\u00e1ltat\u00e1si ig\u00e9nnyel nem \u00e9lhetnek, illetve a program prom\u00f3ci\u00f3ja c\u00e9lj\u00e1b\u00f3l t\u00f6rt\u00e9n\u0151 felhaszn\u00e1l\u00e1st nem korl\u00e1tozhatj\u00e1k. A programv\u00e1ltoztat\u00e1s jog\u00e1t fenntartjuk.<br><\/p>\n\n\n\n<ul class=\"wp-block-list\">\n<li>A nyomtatott programf\u00fczet a r\u00e9szt vev\u0151 helysz\u00ednek, megnyit\u00f3 h\u00e1zak c\u00edm\u00e9t \u00e9s a kapcsol\u00f3d\u00f3 esem\u00e9nyek id\u0151pontj\u00e1t tartalmazza.<\/li>\n\n\n\n<li>A programban r\u00e9szt vev\u0151 \u00e9p\u00fcleteket \u00e9s helysz\u00edneket Budapest100 molin\u00f3k jel\u00f6lik. Ahol nem l\u00e1that\u00f3 ilyen molin\u00f3, az a helysz\u00edn nem r\u00e9sze a programunknak.&nbsp;<\/li>\n\n\n\n<li>A helysz\u00ednek \u00e9s a programok a rendezv\u00e9ny idej\u00e9n szabadon \u00e9s ingyenesen l\u00e1togathat\u00f3k.<\/li>\n\n\n\n<li>Ha egy \u00e9p\u00fclet udvara, l\u00e9pcs\u0151h\u00e1za megtelik l\u00e1togat\u00f3kkal, \u00f6nk\u00e9nteseink fogj\u00e1k jelezni, mikor lehet bel\u00e9pni a kapun. K\u00e9r\u00fcnk mindenkit, hogy v\u00e1rjon t\u00fcrelmesen. A k\u00f6z\u00f6ss\u00e9gi terek hi\u00e1nya miatt id\u00e9n t\u00f6bb helysz\u00edn eset\u00e9ben a h\u00e1zak k\u00f6r\u00fcli szabad tereken val\u00f3sulnak meg a programok. A pontos helysz\u00ednt minden esetben jelezz\u00fck a programle\u00edr\u00e1sban.&nbsp;&nbsp;<\/li>\n\n\n\n<li>A programokon val\u00f3 r\u00e9szv\u00e9telhez nem sz\u00fcks\u00e9ges el\u0151zetes jelentkez\u00e9s. A regisztr\u00e1ci\u00f3hoz k\u00f6t\u00f6tt programokat k\u00fcl\u00f6n jel\u00f6lj\u00fck.<\/li>\n\n\n\n<li>A programok t\u00f6bbnyire magyar nyelv\u0171ek. Az angol nyelv\u0171eket k\u00fcl\u00f6n jel\u00f6lj\u00fck.<\/li>\n\n\n\n<li>Az egyes \u00e9p\u00fcletekn\u00e9l c\u00edmk\u00e9k jel\u00f6lik a programok t\u00edpus\u00e1t.<\/li>\n\n\n\n<li>A r\u00e9szletes program a budapest100.hu oldalon \u00e9s a Budapest100 applik\u00e1ci\u00f3ban is el\u00e9rhet\u0151 \u2013 ut\u00f3bbi let\u00f6lthet\u0151 a <a href=\"https:\/\/play.google.com\/store\/apps\/details?id=com.sewerenlecso.bamcompany.budapest100&amp;pcampaignid=web_share\" target=\"_blank\" rel=\"noreferrer noopener\">Google Play \u00c1ruh\u00e1zb\u00f3l<\/a> \u00e9s az <a href=\"https:\/\/apps.apple.com\/hu\/app\/budapest100\/id1581967714\" target=\"_blank\" rel=\"noreferrer noopener\">App Store<\/a>-b\u00f3l.<\/li>\n\n\n\n<li>A programokat mindenki saj\u00e1t felel\u0151ss\u00e9g\u00e9re l\u00e1togathatja. K\u00e9r\u00fcnk mindenkit, hogy \u00fcgyeljen a testi \u00e9ps\u00e9g\u00e9re. Az esetleges balesetek\u00e9rt felel\u0151ss\u00e9get nem v\u00e1llalunk.<\/li>\n\n\n\n<li>English-friendly programmes are labeled. Please find a detailed description on our website (budapest100.hu) or in the Budapest100 application.<\/li>\n<\/ul>\n\n\n\n<p><\/p>\n","protected":false},"excerpt":{"rendered":"<p>A Budapest100 nyilv\u00e1nos rendezv\u00e9ny, amelyen a szervez\u0151k a program dokument\u00e1l\u00e1sa \u00e9s n\u00e9pszer\u0171s\u00edt\u00e9se \u00e9rdek\u00e9ben fot\u00f3kat\/vide\u00f3kat is k\u00e9sz\u00edtenek. A program l\u00e1togat\u00f3i, \u00f6nk\u00e9ntesei \u00e9s szervez\u0151i r\u00e9szv\u00e9tel\u00fckkel automatikusan tudom\u00e1sul veszik, hogy amennyiben a fot\u00f3kon\/vide\u00f3kon szerepelnek, \u00fagy ez\u00e9rt semmilyen ellenszolg\u00e1ltat\u00e1si ig\u00e9nnyel nem \u00e9lhetnek, illetve a program prom\u00f3ci\u00f3ja c\u00e9lj\u00e1b\u00f3l t\u00f6rt\u00e9n\u0151 felhaszn\u00e1l\u00e1st nem korl\u00e1tozhatj\u00e1k. A programv\u00e1ltoztat\u00e1s jog\u00e1t fenntartjuk.<\/p>\n","protected":false},"author":11,"featured_media":68874,"parent":0,"menu_order":0,"comment_status":"closed","ping_status":"closed","template":"","meta":{"_acf_changed":false,"footnotes":""},"class_list":["post-69067","page","type-page","status-publish","has-post-thumbnail","hentry"],"acf":[],"yoast_head":"<!-- This site is optimized with the Yoast SEO plugin v27.3 - https:\/\/yoast.com\/product\/yoast-seo-wordpress\/ -->\n<title>Hasznos inform\u00e1ci\u00f3k - Budapest100<\/title>\n<meta name=\"robots\" content=\"index, follow, max-snippet:-1, max-image-preview:large, max-video-preview:-1\" \/>\n<link rel=\"canonical\" href=\"https:\/\/budapest100.hu\/en\/hasznos-informaciok\/\" \/>\n<meta property=\"og:locale\" content=\"en_US\" \/>\n<meta property=\"og:type\" content=\"article\" \/>\n<meta property=\"og:title\" content=\"Hasznos inform\u00e1ci\u00f3k - Budapest100\" \/>\n<meta property=\"og:description\" content=\"A Budapest100 nyilv\u00e1nos rendezv\u00e9ny, amelyen a szervez\u0151k a program dokument\u00e1l\u00e1sa \u00e9s n\u00e9pszer\u0171s\u00edt\u00e9se \u00e9rdek\u00e9ben fot\u00f3kat\/vide\u00f3kat is k\u00e9sz\u00edtenek. A program l\u00e1togat\u00f3i, \u00f6nk\u00e9ntesei \u00e9s szervez\u0151i r\u00e9szv\u00e9tel\u00fckkel automatikusan tudom\u00e1sul veszik, hogy amennyiben a fot\u00f3kon\/vide\u00f3kon szerepelnek, \u00fagy ez\u00e9rt semmilyen ellenszolg\u00e1ltat\u00e1si ig\u00e9nnyel nem \u00e9lhetnek, illetve a program prom\u00f3ci\u00f3ja c\u00e9lj\u00e1b\u00f3l t\u00f6rt\u00e9n\u0151 felhaszn\u00e1l\u00e1st nem korl\u00e1tozhatj\u00e1k. A programv\u00e1ltoztat\u00e1s jog\u00e1t fenntartjuk.\" \/>\n<meta property=\"og:url\" content=\"https:\/\/budapest100.hu\/en\/hasznos-informaciok\/\" \/>\n<meta property=\"og:site_name\" content=\"Budapest100\" \/>\n<meta property=\"article:modified_time\" content=\"2024-04-05T10:54:23+00:00\" \/>\n<meta property=\"og:image\" content=\"https:\/\/budapest100.hu\/wp-content\/uploads\/2024\/03\/MTA_Kutatohaz_MajorKata_55_resize.jpg\" \/>\n\t<meta property=\"og:image:width\" content=\"1800\" \/>\n\t<meta property=\"og:image:height\" content=\"1200\" \/>\n\t<meta property=\"og:image:type\" content=\"image\/jpeg\" \/>\n<meta name=\"twitter:card\" content=\"summary_large_image\" \/>\n<meta name=\"twitter:label1\" content=\"Est. reading time\" \/>\n\t<meta name=\"twitter:data1\" content=\"2 minutes\" \/>\n<script type=\"application\/ld+json\" class=\"yoast-schema-graph\">{\"@context\":\"https:\\\/\\\/schema.org\",\"@graph\":[{\"@type\":\"WebPage\",\"@id\":\"https:\\\/\\\/budapest100.hu\\\/en\\\/hasznos-informaciok\\\/\",\"url\":\"https:\\\/\\\/budapest100.hu\\\/en\\\/hasznos-informaciok\\\/\",\"name\":\"Hasznos inform\u00e1ci\u00f3k - Budapest100\",\"isPartOf\":{\"@id\":\"https:\\\/\\\/budapest100.hu\\\/en\\\/#website\"},\"primaryImageOfPage\":{\"@id\":\"https:\\\/\\\/budapest100.hu\\\/en\\\/hasznos-informaciok\\\/#primaryimage\"},\"image\":{\"@id\":\"https:\\\/\\\/budapest100.hu\\\/en\\\/hasznos-informaciok\\\/#primaryimage\"},\"thumbnailUrl\":\"https:\\\/\\\/budapest100.hu\\\/wp-content\\\/uploads\\\/2024\\\/03\\\/MTA_Kutatohaz_MajorKata_55_resize.jpg\",\"datePublished\":\"2024-04-05T10:51:13+00:00\",\"dateModified\":\"2024-04-05T10:54:23+00:00\",\"inLanguage\":\"en-US\",\"potentialAction\":[{\"@type\":\"ReadAction\",\"target\":[\"https:\\\/\\\/budapest100.hu\\\/en\\\/hasznos-informaciok\\\/\"]}]},{\"@type\":\"ImageObject\",\"inLanguage\":\"en-US\",\"@id\":\"https:\\\/\\\/budapest100.hu\\\/en\\\/hasznos-informaciok\\\/#primaryimage\",\"url\":\"https:\\\/\\\/budapest100.hu\\\/wp-content\\\/uploads\\\/2024\\\/03\\\/MTA_Kutatohaz_MajorKata_55_resize.jpg\",\"contentUrl\":\"https:\\\/\\\/budapest100.hu\\\/wp-content\\\/uploads\\\/2024\\\/03\\\/MTA_Kutatohaz_MajorKata_55_resize.jpg\",\"width\":1800,\"height\":1200},{\"@type\":\"WebSite\",\"@id\":\"https:\\\/\\\/budapest100.hu\\\/en\\\/#website\",\"url\":\"https:\\\/\\\/budapest100.hu\\\/en\\\/\",\"name\":\"Budapest100\",\"description\":\"Nyitott h\u00e1zak h\u00e9tv\u00e9g\u00e9je\",\"potentialAction\":[{\"@type\":\"SearchAction\",\"target\":{\"@type\":\"EntryPoint\",\"urlTemplate\":\"https:\\\/\\\/budapest100.hu\\\/en\\\/?s={search_term_string}\"},\"query-input\":{\"@type\":\"PropertyValueSpecification\",\"valueRequired\":true,\"valueName\":\"search_term_string\"}}],\"inLanguage\":\"en-US\"}]}<\/script>\n<!-- \/ Yoast SEO plugin. -->","yoast_head_json":{"title":"Hasznos inform\u00e1ci\u00f3k - Budapest100","robots":{"index":"index","follow":"follow","max-snippet":"max-snippet:-1","max-image-preview":"max-image-preview:large","max-video-preview":"max-video-preview:-1"},"canonical":"https:\/\/budapest100.hu\/en\/hasznos-informaciok\/","og_locale":"en_US","og_type":"article","og_title":"Hasznos inform\u00e1ci\u00f3k - Budapest100","og_description":"A Budapest100 nyilv\u00e1nos rendezv\u00e9ny, amelyen a szervez\u0151k a program dokument\u00e1l\u00e1sa \u00e9s n\u00e9pszer\u0171s\u00edt\u00e9se \u00e9rdek\u00e9ben fot\u00f3kat\/vide\u00f3kat is k\u00e9sz\u00edtenek. A program l\u00e1togat\u00f3i, \u00f6nk\u00e9ntesei \u00e9s szervez\u0151i r\u00e9szv\u00e9tel\u00fckkel automatikusan tudom\u00e1sul veszik, hogy amennyiben a fot\u00f3kon\/vide\u00f3kon szerepelnek, \u00fagy ez\u00e9rt semmilyen ellenszolg\u00e1ltat\u00e1si ig\u00e9nnyel nem \u00e9lhetnek, illetve a program prom\u00f3ci\u00f3ja c\u00e9lj\u00e1b\u00f3l t\u00f6rt\u00e9n\u0151 felhaszn\u00e1l\u00e1st nem korl\u00e1tozhatj\u00e1k. A programv\u00e1ltoztat\u00e1s jog\u00e1t fenntartjuk.","og_url":"https:\/\/budapest100.hu\/en\/hasznos-informaciok\/","og_site_name":"Budapest100","article_modified_time":"2024-04-05T10:54:23+00:00","og_image":[{"width":1800,"height":1200,"url":"https:\/\/budapest100.hu\/wp-content\/uploads\/2024\/03\/MTA_Kutatohaz_MajorKata_55_resize.jpg","type":"image\/jpeg"}],"twitter_card":"summary_large_image","twitter_misc":{"Est. reading time":"2 minutes"},"schema":{"@context":"https:\/\/schema.org","@graph":[{"@type":"WebPage","@id":"https:\/\/budapest100.hu\/en\/hasznos-informaciok\/","url":"https:\/\/budapest100.hu\/en\/hasznos-informaciok\/","name":"Hasznos inform\u00e1ci\u00f3k - Budapest100","isPartOf":{"@id":"https:\/\/budapest100.hu\/en\/#website"},"primaryImageOfPage":{"@id":"https:\/\/budapest100.hu\/en\/hasznos-informaciok\/#primaryimage"},"image":{"@id":"https:\/\/budapest100.hu\/en\/hasznos-informaciok\/#primaryimage"},"thumbnailUrl":"https:\/\/budapest100.hu\/wp-content\/uploads\/2024\/03\/MTA_Kutatohaz_MajorKata_55_resize.jpg","datePublished":"2024-04-05T10:51:13+00:00","dateModified":"2024-04-05T10:54:23+00:00","inLanguage":"en-US","potentialAction":[{"@type":"ReadAction","target":["https:\/\/budapest100.hu\/en\/hasznos-informaciok\/"]}]},{"@type":"ImageObject","inLanguage":"en-US","@id":"https:\/\/budapest100.hu\/en\/hasznos-informaciok\/#primaryimage","url":"https:\/\/budapest100.hu\/wp-content\/uploads\/2024\/03\/MTA_Kutatohaz_MajorKata_55_resize.jpg","contentUrl":"https:\/\/budapest100.hu\/wp-content\/uploads\/2024\/03\/MTA_Kutatohaz_MajorKata_55_resize.jpg","width":1800,"height":1200},{"@type":"WebSite","@id":"https:\/\/budapest100.hu\/en\/#website","url":"https:\/\/budapest100.hu\/en\/","name":"Budapest100","description":"Nyitott h\u00e1zak h\u00e9tv\u00e9g\u00e9je","potentialAction":[{"@type":"SearchAction","target":{"@type":"EntryPoint","urlTemplate":"https:\/\/budapest100.hu\/en\/?s={search_term_string}"},"query-input":{"@type":"PropertyValueSpecification","valueRequired":true,"valueName":"search_term_string"}}],"inLanguage":"en-US"}]}},"_links":{"self":[{"href":"https:\/\/budapest100.hu\/en\/wp-json\/wp\/v2\/pages\/69067","targetHints":{"allow":["GET"]}}],"collection":[{"href":"https:\/\/budapest100.hu\/en\/wp-json\/wp\/v2\/pages"}],"about":[{"href":"https:\/\/budapest100.hu\/en\/wp-json\/wp\/v2\/types\/page"}],"author":[{"embeddable":true,"href":"https:\/\/budapest100.hu\/en\/wp-json\/wp\/v2\/users\/11"}],"replies":[{"embeddable":true,"href":"https:\/\/budapest100.hu\/en\/wp-json\/wp\/v2\/comments?post=69067"}],"version-history":[{"count":3,"href":"https:\/\/budapest100.hu\/en\/wp-json\/wp\/v2\/pages\/69067\/revisions"}],"predecessor-version":[{"id":69070,"href":"https:\/\/budapest100.hu\/en\/wp-json\/wp\/v2\/pages\/69067\/revisions\/69070"}],"wp:featuredmedia":[{"embeddable":true,"href":"https:\/\/budapest100.hu\/en\/wp-json\/wp\/v2\/media\/68874"}],"wp:attachment":[{"href":"https:\/\/budapest100.hu\/en\/wp-json\/wp\/v2\/media?parent=69067"}],"curies":[{"name":"wp","href":"https:\/\/api.w.org\/{rel}","templated":true}]}}